{"id":57,"date":"2025-03-09T09:53:27","date_gmt":"2025-03-09T08:53:27","guid":{"rendered":"https:\/\/www.chleidertraum.ch\/?page_id=57"},"modified":"2026-01-17T09:19:19","modified_gmt":"2026-01-17T08:19:19","slug":"standort-und-oeffnungszeiten","status":"publish","type":"page","link":"https:\/\/www.chleidertraum.ch\/index.php\/standort-und-oeffnungszeiten\/","title":{"rendered":"Standort und \u00d6ffnungszeiten"},"content":{"rendered":"\n<iframe src=\"https:\/\/www.google.com\/maps\/embed?pb=!1m18!1m12!1m3!1d944.696734928107!2d8.72618501575234!3d46.990305675938494!2m3!1f0!2f0!3f0!3m2!1i1024!2i768!4f13.1!3m3!1m2!1s0x47854962df471ea3%3A0x34b980b037c0dbba!2sChleidertraum!5e0!3m2!1sen!2sch!4v1741510521016!5m2!1sen!2sch\" width=\"900\" height=\"450\" style=\"border:0;\" allowfullscreen=\"\" loading=\"lazy\" referrerpolicy=\"no-referrer-when-downgrade\"><\/iframe>\n\n\n\n<h2 class=\"wp-block-heading\">\u00d6ffnungszeiten<\/h2>\n\n\n\n<p>Jeden <strong>Samstag <\/strong>von <strong>09:00 &#8211; 11:30 Uhr<\/strong><br>Brautanproben sind auch ausserhalb der \u00d6ffnungszeiten m\u00f6glich<\/p>\n\n\n\n<p>Email: chleidertraum@outlook.com<\/p>\n\n\n\n<p><\/p>\n","protected":false},"excerpt":{"rendered":"<p>\u00d6ffnungszeiten Jeden Samstag von 09:00 &#8211; 11:30 UhrBrautanproben sind auch ausserhalb der \u00d6ffnungszeiten m\u00f6glich Email: chleidertraum@outlook.com<\/p>\n","protected":false},"author":1,"featured_media":0,"parent":0,"menu_order":0,"comment_status":"closed","ping_status":"closed","template":"","meta":{"footnotes":""},"class_list":["post-57","page","type-page","status-publish","hentry"],"_links":{"self":[{"href":"https:\/\/www.chleidertraum.ch\/index.php\/wp-json\/wp\/v2\/pages\/57","targetHints":{"allow":["GET"]}}],"collection":[{"href":"https:\/\/www.chleidertraum.ch\/index.php\/wp-json\/wp\/v2\/pages"}],"about":[{"href":"https:\/\/www.chleidertraum.ch\/index.php\/wp-json\/wp\/v2\/types\/page"}],"author":[{"embeddable":true,"href":"https:\/\/www.chleidertraum.ch\/index.php\/wp-json\/wp\/v2\/users\/1"}],"replies":[{"embeddable":true,"href":"https:\/\/www.chleidertraum.ch\/index.php\/wp-json\/wp\/v2\/comments?post=57"}],"version-history":[{"count":9,"href":"https:\/\/www.chleidertraum.ch\/index.php\/wp-json\/wp\/v2\/pages\/57\/revisions"}],"predecessor-version":[{"id":227,"href":"https:\/\/www.chleidertraum.ch\/index.php\/wp-json\/wp\/v2\/pages\/57\/revisions\/227"}],"wp:attachment":[{"href":"https:\/\/www.chleidertraum.ch\/index.php\/wp-json\/wp\/v2\/media?parent=57"}],"curies":[{"name":"wp","href":"https:\/\/api.w.org\/{rel}","templated":true}]}}