{"id":35,"date":"2025-03-07T13:34:37","date_gmt":"2025-03-07T12:34:37","guid":{"rendered":"https:\/\/www.chleidertraum.ch\/?page_id=35"},"modified":"2026-01-17T09:21:12","modified_gmt":"2026-01-17T08:21:12","slug":"termin-anprobe","status":"publish","type":"page","link":"https:\/\/www.chleidertraum.ch\/index.php\/termin-anprobe\/","title":{"rendered":"Termin f\u00fcr Anprobe"},"content":{"rendered":"\n<p class=\"has-large-font-size\"><strong>Termin f\u00fcr Brautmode-Anprobe vereinbaren<\/strong><\/p>\n\n\n\n<p>Liebe Braut<br>Du bist auf der Suche nach deinem perfekten Brautkleid? Dann vereinbare einfach einen Termin f\u00fcr eine exklusive Anprobe! Wir bieten dir eine sorgf\u00e4ltige Auswahl an hochwertiger Secondhand Brautmode und beraten dich individuell, damit du das Kleid findest, das deine Sch\u00f6nheit an deinem besonderen Tag unterstreicht.<br><\/p>\n\n\n\n<p class=\"has-large-font-size\"><strong>Wichtige Information:<\/strong><\/p>\n\n\n\n<p>Findest du trotz intensiver Beratung und Anprobe nichts passendes, erheben wir eine Betrag von 50 CHF.<br>Der entf\u00e4llt, wenn du dich f\u00fcr ein Kleid entscheidest.<\/p>\n\n\n\n<p class=\"has-large-font-size\"><\/p>\n\n\n\n<p class=\"has-large-font-size\"><strong>So funktioniert\u2019s:<\/strong><\/p>\n\n\n\n<ol start=\"1\" class=\"wp-block-list\">\n<li>W\u00e4hle deinen Wunschtermin aus. <br>Termine ausserhalb der \u00d6ffnungszeiten sind ebenfalls m\u00f6glich.<\/li>\n\n\n\n<li>F\u00fclle das untenstehende Formular aus oder rufe uns an, um deinen Termin zu buchen.<\/li>\n\n\n\n<li>Wir best\u00e4tigen deinen Termin und bereiten alles f\u00fcr deine Anprobe vor.<\/li>\n<\/ol>\n\n\n\n<p class=\"has-large-font-size\"><strong>Wir freuen uns auf dich!<\/strong><\/p>\n\n\n\n<div class=\"forminator-guttenberg\"><div class=\"forminator-ui forminator-custom-form forminator-custom-form-42 forminator-design--default  forminator_ajax\" data-forminator-render=\"0\" data-form=\"forminator-module-42\" data-uid=\"69e785869251c\"><br\/><\/div><form\n\t\t\t\tid=\"forminator-module-42\"\n\t\t\t\tclass=\"forminator-ui forminator-custom-form forminator-custom-form-42 forminator-design--default  forminator_ajax\"\n\t\t\t\tmethod=\"post\"\n\t\t\t\tdata-forminator-render=\"0\"\n\t\t\t\tdata-form-id=\"42\"\n\t\t\t\t\n\t\t\t\tdata-design=\"default\"\n\t\t\t\t\n\t\t\t\t\n\t\t\t\t\n\t\t\t\tdata-grid=\"open\"\n\t\t\t\t\n\t\t\t\t\n\t\t\t\tstyle=\"display: none;\"\n\t\t\t\t\n\t\t\t\tdata-uid=\"69e785869251c\"\n\t\t\t><div role=\"alert\" aria-live=\"polite\" class=\"forminator-response-message forminator-error\" aria-hidden=\"true\"><\/div><div class=\"forminator-row\"><div id=\"name-2\" class=\"forminator-field-name forminator-col forminator-col-6 \"><div class=\"forminator-field\"><label for=\"forminator-field-name-2_69e785869251c\" id=\"forminator-field-name-2_69e785869251c-label\" class=\"forminator-label\">Vorname <span class=\"forminator-required\">*<\/span><\/label><input type=\"text\" name=\"name-2\" value=\"\" placeholder=\"\" id=\"forminator-field-name-2_69e785869251c\" class=\"forminator-input forminator-name--field\" aria-required=\"true\" \/><\/div><\/div><div id=\"name-1\" class=\"forminator-field-name forminator-col forminator-col-6 \"><div class=\"forminator-field\"><label for=\"forminator-field-name-1_69e785869251c\" id=\"forminator-field-name-1_69e785869251c-label\" class=\"forminator-label\">Name <span class=\"forminator-required\">*<\/span><\/label><input type=\"text\" name=\"name-1\" value=\"\" placeholder=\"\" id=\"forminator-field-name-1_69e785869251c\" class=\"forminator-input forminator-name--field\" aria-required=\"true\" \/><\/div><\/div><\/div><div class=\"forminator-row\"><div id=\"email-1\" class=\"forminator-field-email forminator-col forminator-col-12 \"><div class=\"forminator-field\"><label for=\"forminator-field-email-1_69e785869251c\" id=\"forminator-field-email-1_69e785869251c-label\" class=\"forminator-label\">Email Addresse <span class=\"forminator-required\">*<\/span><\/label><input type=\"email\" name=\"email-1\" value=\"\" placeholder=\"\" id=\"forminator-field-email-1_69e785869251c\" class=\"forminator-input forminator-email--field\" data-required=\"true\" aria-required=\"true\" \/><\/div><\/div><\/div><div class=\"forminator-row\"><div id=\"phone-1\" class=\"forminator-field-phone forminator-col forminator-col-12 \"><div class=\"forminator-field\"><label for=\"forminator-field-phone-1_69e785869251c\" id=\"forminator-field-phone-1_69e785869251c-label\" class=\"forminator-label\">Telefonnummer<\/label><input type=\"text\" name=\"phone-1\" value=\"\" placeholder=\"\" id=\"forminator-field-phone-1_69e785869251c\" class=\"forminator-input forminator-field--phone\" data-required=\"\" aria-required=\"false\" autocomplete=\"off\" \/><\/div><\/div><\/div><div class=\"forminator-row\"><div id=\"date-1\" class=\"forminator-field-date forminator-col forminator-col-12 \"><div class=\"forminator-field\"><label for=\"forminator-field-date-1-picker_69e785869251c\" id=\"forminator-field-date-1-picker_69e785869251c-label\" class=\"forminator-label\">Wunschtermin<\/label><div class=\"forminator-input-with-icon\"><span class=\"forminator-icon-calendar\" aria-hidden=\"true\"><\/span><input autocomplete=\"off\" type=\"text\" size=\"1\" name=\"date-1\" value=\"\" placeholder=\"\" id=\"forminator-field-date-1-picker_69e785869251c\" class=\"forminator-input forminator-datepicker\" data-required=\"\" data-format=\"dd-mm-yy\" data-restrict-type=\"all\" data-restrict=\"\" data-start-year=\"1926\" data-end-year=\"2126\" data-past-dates=\"enable\" data-start-of-week=\"1\" data-start-date=\"\" data-end-date=\"\" data-start-field=\"\" data-end-field=\"\" data-start-offset=\"\" data-end-offset=\"\" data-disable-date=\"\" data-disable-range=\"\" \/><\/div><\/div><\/div><\/div><div class=\"forminator-row\"><div id=\"textarea-1\" class=\"forminator-field-textarea forminator-col forminator-col-12 \"><div class=\"forminator-field\"><label for=\"forminator-field-textarea-1_69e785869251c\" id=\"forminator-field-textarea-1_69e785869251c-label\" class=\"forminator-label\">Mitteilung<\/label><span id=\"forminator-field-textarea-1_69e785869251c-description\" class=\"forminator-description\"><span data-limit=\"180\" data-type=\"characters\" data-editor=\"\">0 \/ 180<\/span><\/span><textarea name=\"textarea-1\" placeholder=\"Enter your message...\" id=\"forminator-field-textarea-1_69e785869251c\" class=\"forminator-textarea\" rows=\"6\" style=\"min-height:140px;\" maxlength=\"180\" ><\/textarea><\/div><\/div><\/div><input type=\"hidden\" name=\"referer_url\" value=\"\" \/><div class=\"forminator-row forminator-row-last\"><div class=\"forminator-col\"><div class=\"forminator-field\"><button class=\"forminator-button forminator-button-submit\">Anfrage abschicken<\/button><\/div><\/div><\/div><input type=\"hidden\" id=\"forminator_nonce\" name=\"forminator_nonce\" value=\"3b3b911469\" \/><input type=\"hidden\" name=\"_wp_http_referer\" value=\"\/index.php\/wp-json\/wp\/v2\/pages\/35\" \/><input type=\"hidden\" name=\"form_id\" value=\"42\"><input type=\"hidden\" name=\"page_id\" value=\"35\"><input type=\"hidden\" name=\"form_type\" value=\"default\"><input type=\"hidden\" name=\"current_url\" value=\"https:\/\/www.chleidertraum.ch\/index.php\/termin-anprobe\/\"><input type=\"hidden\" name=\"render_id\" value=\"0\"><input type=\"hidden\" name=\"action\" value=\"forminator_submit_form_custom-forms\"><\/form><\/div>\n","protected":false},"excerpt":{"rendered":"<p>Termin f\u00fcr Brautmode-Anprobe vereinbaren Liebe BrautDu bist auf der Suche nach deinem perfekten Brautkleid? Dann vereinbare einfach einen Termin f\u00fcr eine exklusive Anprobe! Wir bieten dir eine sorgf\u00e4ltige Auswahl an hochwertiger Secondhand Brautmode und beraten dich individuell, damit du das Kleid findest, das deine Sch\u00f6nheit an deinem besonderen Tag unterstreicht. Wichtige Information: Findest du trotz [&hellip;]<\/p>\n","protected":false},"author":1,"featured_media":0,"parent":0,"menu_order":0,"comment_status":"closed","ping_status":"closed","template":"","meta":{"footnotes":""},"class_list":["post-35","page","type-page","status-publish","hentry"],"_links":{"self":[{"href":"https:\/\/www.chleidertraum.ch\/index.php\/wp-json\/wp\/v2\/pages\/35","targetHints":{"allow":["GET"]}}],"collection":[{"href":"https:\/\/www.chleidertraum.ch\/index.php\/wp-json\/wp\/v2\/pages"}],"about":[{"href":"https:\/\/www.chleidertraum.ch\/index.php\/wp-json\/wp\/v2\/types\/page"}],"author":[{"embeddable":true,"href":"https:\/\/www.chleidertraum.ch\/index.php\/wp-json\/wp\/v2\/users\/1"}],"replies":[{"embeddable":true,"href":"https:\/\/www.chleidertraum.ch\/index.php\/wp-json\/wp\/v2\/comments?post=35"}],"version-history":[{"count":7,"href":"https:\/\/www.chleidertraum.ch\/index.php\/wp-json\/wp\/v2\/pages\/35\/revisions"}],"predecessor-version":[{"id":229,"href":"https:\/\/www.chleidertraum.ch\/index.php\/wp-json\/wp\/v2\/pages\/35\/revisions\/229"}],"wp:attachment":[{"href":"https:\/\/www.chleidertraum.ch\/index.php\/wp-json\/wp\/v2\/media?parent=35"}],"curies":[{"name":"wp","href":"https:\/\/api.w.org\/{rel}","templated":true}]}}