{"id":15,"date":"2025-03-07T13:24:57","date_gmt":"2025-03-07T12:24:57","guid":{"rendered":"https:\/\/www.chleidertraum.ch\/?page_id=15"},"modified":"2025-04-21T22:19:17","modified_gmt":"2025-04-21T20:19:17","slug":"angebot","status":"publish","type":"page","link":"https:\/\/www.chleidertraum.ch\/index.php\/angebot\/","title":{"rendered":"Kaufen"},"content":{"rendered":"\n<h3 class=\"wp-block-heading has-large-font-size\"><strong>Was wir dir bieten:<\/strong><\/h3>\n\n\n\n<div class=\"wp-block-media-text is-stacked-on-mobile\"><figure class=\"wp-block-media-text__media\"><img loading=\"lazy\" decoding=\"async\" width=\"683\" height=\"1024\" src=\"https:\/\/www.chleidertraum.ch\/wp-content\/uploads\/2025\/04\/forni_photography-279-683x1024.jpg\" alt=\"\" class=\"wp-image-183 size-full\" srcset=\"https:\/\/www.chleidertraum.ch\/wp-content\/uploads\/2025\/04\/forni_photography-279-683x1024.jpg 683w, https:\/\/www.chleidertraum.ch\/wp-content\/uploads\/2025\/04\/forni_photography-279-200x300.jpg 200w, https:\/\/www.chleidertraum.ch\/wp-content\/uploads\/2025\/04\/forni_photography-279-768x1152.jpg 768w, https:\/\/www.chleidertraum.ch\/wp-content\/uploads\/2025\/04\/forni_photography-279-scaled.jpg 1707w\" sizes=\"auto, (max-width: 683px) 100vw, 683px\" \/><\/figure><div class=\"wp-block-media-text__content\">\n<p><strong>Brautkleider <\/strong><br>Egal, ob du von einem Prinzessinnen-Look, einem romantischen Vintage-Stil oder einer klassischen A-Linie tr\u00e4umst bei uns findest du verschieden Stile<\/p>\n\n\n\n<div class=\"wp-block-buttons is-layout-flex wp-block-buttons-is-layout-flex\">\n<div class=\"wp-block-button\"><a class=\"wp-block-button__link wp-element-button\" href=\"https:\/\/www.chleidertraum.ch\/index.php\/termin-anprobe\/\">Termin buchen<\/a><\/div>\n<\/div>\n<\/div><\/div>\n\n\n\n<div class=\"wp-block-media-text has-media-on-the-right is-stacked-on-mobile\"><div class=\"wp-block-media-text__content\">\n<p><strong>Festkleider<\/strong><br>Perfekt f\u00fcr jeden festlichen Anlass. Von glitzernden Akzenten \u00fcber edle Spitze bis hin zu schlichten, klassischen Kleidern.<\/p>\n<\/div><figure class=\"wp-block-media-text__media\"><img loading=\"lazy\" decoding=\"async\" width=\"768\" height=\"1024\" src=\"https:\/\/www.chleidertraum.ch\/wp-content\/uploads\/2025\/03\/IMG_0395-768x1024.jpg\" alt=\"\" class=\"wp-image-149 size-full\" srcset=\"https:\/\/www.chleidertraum.ch\/wp-content\/uploads\/2025\/03\/IMG_0395-768x1024.jpg 768w, https:\/\/www.chleidertraum.ch\/wp-content\/uploads\/2025\/03\/IMG_0395-225x300.jpg 225w, https:\/\/www.chleidertraum.ch\/wp-content\/uploads\/2025\/03\/IMG_0395-1152x1536.jpg 1152w, https:\/\/www.chleidertraum.ch\/wp-content\/uploads\/2025\/03\/IMG_0395-1536x2048.jpg 1536w, https:\/\/www.chleidertraum.ch\/wp-content\/uploads\/2025\/03\/IMG_0395-scaled.jpg 1920w\" sizes=\"auto, (max-width: 768px) 100vw, 768px\" \/><\/figure><\/div>\n\n\n\n<div class=\"wp-block-media-text is-stacked-on-mobile is-vertically-aligned-top\"><figure class=\"wp-block-media-text__media\"><img loading=\"lazy\" decoding=\"async\" width=\"897\" height=\"1024\" src=\"https:\/\/www.chleidertraum.ch\/wp-content\/uploads\/2025\/03\/IMG_0609-2-897x1024.jpg\" alt=\"\" class=\"wp-image-151 size-full\" srcset=\"https:\/\/www.chleidertraum.ch\/wp-content\/uploads\/2025\/03\/IMG_0609-2-897x1024.jpg 897w, https:\/\/www.chleidertraum.ch\/wp-content\/uploads\/2025\/03\/IMG_0609-2-263x300.jpg 263w, https:\/\/www.chleidertraum.ch\/wp-content\/uploads\/2025\/03\/IMG_0609-2-768x877.jpg 768w, https:\/\/www.chleidertraum.ch\/wp-content\/uploads\/2025\/03\/IMG_0609-2-1345x1536.jpg 1345w, https:\/\/www.chleidertraum.ch\/wp-content\/uploads\/2025\/03\/IMG_0609-2-1794x2048.jpg 1794w\" sizes=\"auto, (max-width: 897px) 100vw, 897px\" \/><\/figure><div class=\"wp-block-media-text__content\">\n<p><strong>F\u00fcr die kleinsten G\u00e4ste \u2013 Kleider zur Miete<\/strong><\/p>\n\n\n\n<p>Doch nicht nur f\u00fcr die Braut oder den festlich gekleideten Gast haben wir das Passende. Bei uns findest du auch zauberhafte Kleider f\u00fcr die kleinsten G\u00e4ste deines gro\u00dfen Tages! Ob Blumenkinder, kleine Brautjungfern oder Festtagsg\u00e4ste, wir bieten eine wundersch\u00f6ne Auswahl an Kindermode, die du bei uns zur Miete leihen kannst. So sind auch die Kleinen perfekt gekleidet, ohne dass du das Kleid nach dem Event noch aufbewahren musst.<\/p>\n<\/div><\/div>\n\n\n\n<h2 class=\"wp-block-heading\">Werte<\/h2>\n\n\n\n<ul class=\"wp-block-list\">\n<li><strong>Stilvolle Auswahl:<\/strong> St\u00f6bere durch eine Vielzahl von Brautkleidern und Festmode f\u00fcr alle besonderen Anl\u00e4sse.<\/li>\n\n\n\n<li><strong>Nachhaltigkeit: <\/strong>Entscheide dich f\u00fcr ein Kleid, das nicht nur deine Tr\u00e4ume erf\u00fcllt, sondern auch gut f\u00fcr die Umwelt ist.<\/li>\n\n\n\n<li><strong>Pers\u00f6nliche Beratung: <\/strong>Wir stehen dir mit Rat und Tat zur Seite, um dein perfektes Kleid zu finden. Unser Team ber\u00e4t dich individuell, damit du dich an deinem besonderen Tag rundum wohlf\u00fchlst.<\/li>\n\n\n\n<li><strong>Faire Preise: <\/strong>Bei uns findest du wundersch\u00f6ne Kleider zu einem Bruchteil des Neupreises perfekt f\u00fcr jedes Budget!<\/li>\n<\/ul>\n","protected":false},"excerpt":{"rendered":"<p>Was wir dir bieten: FestkleiderPerfekt f\u00fcr jeden festlichen Anlass. Von glitzernden Akzenten \u00fcber edle Spitze bis hin zu schlichten, klassischen Kleidern. F\u00fcr die kleinsten G\u00e4ste \u2013 Kleider zur Miete Doch nicht nur f\u00fcr die Braut oder den festlich gekleideten Gast haben wir das Passende. Bei uns findest du auch zauberhafte Kleider f\u00fcr die kleinsten G\u00e4ste [&hellip;]<\/p>\n","protected":false},"author":1,"featured_media":0,"parent":0,"menu_order":0,"comment_status":"closed","ping_status":"closed","template":"","meta":{"footnotes":""},"class_list":["post-15","page","type-page","status-publish","hentry"],"_links":{"self":[{"href":"https:\/\/www.chleidertraum.ch\/index.php\/wp-json\/wp\/v2\/pages\/15","targetHints":{"allow":["GET"]}}],"collection":[{"href":"https:\/\/www.chleidertraum.ch\/index.php\/wp-json\/wp\/v2\/pages"}],"about":[{"href":"https:\/\/www.chleidertraum.ch\/index.php\/wp-json\/wp\/v2\/types\/page"}],"author":[{"embeddable":true,"href":"https:\/\/www.chleidertraum.ch\/index.php\/wp-json\/wp\/v2\/users\/1"}],"replies":[{"embeddable":true,"href":"https:\/\/www.chleidertraum.ch\/index.php\/wp-json\/wp\/v2\/comments?post=15"}],"version-history":[{"count":14,"href":"https:\/\/www.chleidertraum.ch\/index.php\/wp-json\/wp\/v2\/pages\/15\/revisions"}],"predecessor-version":[{"id":189,"href":"https:\/\/www.chleidertraum.ch\/index.php\/wp-json\/wp\/v2\/pages\/15\/revisions\/189"}],"wp:attachment":[{"href":"https:\/\/www.chleidertraum.ch\/index.php\/wp-json\/wp\/v2\/media?parent=15"}],"curies":[{"name":"wp","href":"https:\/\/api.w.org\/{rel}","templated":true}]}}