{"id":12,"date":"2025-03-07T13:25:44","date_gmt":"2025-03-07T12:25:44","guid":{"rendered":"https:\/\/www.chleidertraum.ch\/?page_id=12"},"modified":"2025-04-21T22:22:35","modified_gmt":"2025-04-21T20:22:35","slug":"ueber-mich","status":"publish","type":"page","link":"https:\/\/www.chleidertraum.ch\/index.php\/ueber-mich\/","title":{"rendered":"\u00dcber mich"},"content":{"rendered":"\n<div class=\"wp-block-media-text is-stacked-on-mobile is-vertically-aligned-top\"><figure class=\"wp-block-media-text__media\"><img loading=\"lazy\" decoding=\"async\" width=\"683\" height=\"1024\" src=\"https:\/\/www.chleidertraum.ch\/wp-content\/uploads\/2024\/10\/forni_photography-8-683x1024.jpg\" alt=\"\" class=\"wp-image-176 size-full\" srcset=\"https:\/\/www.chleidertraum.ch\/wp-content\/uploads\/2024\/10\/forni_photography-8-683x1024.jpg 683w, https:\/\/www.chleidertraum.ch\/wp-content\/uploads\/2024\/10\/forni_photography-8-200x300.jpg 200w, https:\/\/www.chleidertraum.ch\/wp-content\/uploads\/2024\/10\/forni_photography-8-768x1152.jpg 768w, https:\/\/www.chleidertraum.ch\/wp-content\/uploads\/2024\/10\/forni_photography-8-1024x1536.jpg 1024w, https:\/\/www.chleidertraum.ch\/wp-content\/uploads\/2024\/10\/forni_photography-8-1365x2048.jpg 1365w, https:\/\/www.chleidertraum.ch\/wp-content\/uploads\/2024\/10\/forni_photography-8-scaled.jpg 1706w\" sizes=\"auto, (max-width: 683px) 100vw, 683px\" \/><\/figure><div class=\"wp-block-media-text__content\">\n<p class=\"has-text-align-left\">Mein Name ist Sabrina. Ich bin Mutter einer wundervollen Tochter und bin seit 2020 gl\u00fccklich verheiratet. In meiner Freizeit genie\u00dfe ich es, in der Natur unterwegs zu sein und Zeit mit meiner Familie zu verbringen. Im Alltag arbeite ich im Verkauf in einer B\u00e4ckerei, wo ich mit Leidenschaft und Freude meinen Job erledige.<br>Meine Passion gilt Brautkleidern, insbesondere der wundersch\u00f6nen Welt der Secondhand Braut- und Festmode. <\/p>\n<\/div><\/div>\n\n\n\n<p>Die Idee, Braut- und Festkleider ein zweites Leben zu schenken und dabei genauso viel Freude und Eleganz zu vermitteln, fasziniert mich immer wieder aufs Neue. Aus dieser Leidenschaft heraus habe ich mein eigenes Secondhand Gesch\u00e4ft f\u00fcr Braut- und Festmode er\u00f6ffnet.<\/p>\n\n\n\n<h5 class=\"wp-block-heading has-large-font-size\">Mein Wunsch<\/h5>\n\n\n\n<p>Mein Wunsch ist es, viele Frauen davon zu \u00fcberzeugen, sich f\u00fcr ein Secondhand Kleid zu entscheiden oder wenigstens einen Blick darauf zu werfen, bevor sie ein neues Kleid kaufen. Oft bietet der Secondhand Markt wundersch\u00f6ne Kleider, die genauso einzigartig und zauberhaft sind wie Neue.<\/p>\n\n\n\n<p><\/p>\n","protected":false},"excerpt":{"rendered":"<p>Mein Name ist Sabrina. Ich bin Mutter einer wundervollen Tochter und bin seit 2020 gl\u00fccklich verheiratet. In meiner Freizeit genie\u00dfe ich es, in der Natur unterwegs zu sein und Zeit mit meiner Familie zu verbringen. Im Alltag arbeite ich im Verkauf in einer B\u00e4ckerei, wo ich mit Leidenschaft und Freude meinen Job erledige.Meine Passion gilt [&hellip;]<\/p>\n","protected":false},"author":1,"featured_media":0,"parent":0,"menu_order":0,"comment_status":"closed","ping_status":"closed","template":"","meta":{"footnotes":""},"class_list":["post-12","page","type-page","status-publish","hentry"],"_links":{"self":[{"href":"https:\/\/www.chleidertraum.ch\/index.php\/wp-json\/wp\/v2\/pages\/12","targetHints":{"allow":["GET"]}}],"collection":[{"href":"https:\/\/www.chleidertraum.ch\/index.php\/wp-json\/wp\/v2\/pages"}],"about":[{"href":"https:\/\/www.chleidertraum.ch\/index.php\/wp-json\/wp\/v2\/types\/page"}],"author":[{"embeddable":true,"href":"https:\/\/www.chleidertraum.ch\/index.php\/wp-json\/wp\/v2\/users\/1"}],"replies":[{"embeddable":true,"href":"https:\/\/www.chleidertraum.ch\/index.php\/wp-json\/wp\/v2\/comments?post=12"}],"version-history":[{"count":9,"href":"https:\/\/www.chleidertraum.ch\/index.php\/wp-json\/wp\/v2\/pages\/12\/revisions"}],"predecessor-version":[{"id":201,"href":"https:\/\/www.chleidertraum.ch\/index.php\/wp-json\/wp\/v2\/pages\/12\/revisions\/201"}],"wp:attachment":[{"href":"https:\/\/www.chleidertraum.ch\/index.php\/wp-json\/wp\/v2\/media?parent=12"}],"curies":[{"name":"wp","href":"https:\/\/api.w.org\/{rel}","templated":true}]}}